{"id":31,"date":"2010-10-19T01:56:43","date_gmt":"2010-10-18T23:56:43","guid":{"rendered":"http:\/\/www.clefdesreves.com\/site\/?page_id=31"},"modified":"2013-01-22T17:23:06","modified_gmt":"2013-01-22T15:23:06","slug":"seuil","status":"publish","type":"page","link":"https:\/\/www.clefdesreves.com\/","title":{"rendered":"Seuil"},"content":{"rendered":"<p style=\"text-align: justify;\"><img loading=\"lazy\" decoding=\"async\" title=\"Collage \" src=\"http:\/\/www.clefdesreves.com\/images\/collage.jpg\" alt=\"\" width=\"514\" height=\"399\" \/><\/p>\n<h3><\/h3>\n<h3 style=\"text-align: justify;\"><strong><span style=\"color: #ff00ff;\">Christine Herzog propose une Clef des r\u00eaves pour s&#8217;orienter dans le labyrinthe qu&#8217;est la vie <\/span><\/strong><\/h3>\n<p style=\"text-align: justify;\">Le r\u00eave est l\u2019astre qui brille dans la nuit, filament auquel nous nous accrochons pour apprivoiser notre bonne \u00e9toile.<em>\u00ab<\/em><em> Connais-toi toi-m\u00eame <\/em>\u00bb l\u2019inscription au fronton du temple de Delphes est une incitation, une invitation \u00e0 cette qu\u00eate d\u00e9roul\u00e9e au fil d\u2019un chemin qui laisse entrevoir des jardins paradisiaques mais aussi des impasses t\u00e9n\u00e9breuses ou angoissantes.<\/p>\n<p style=\"text-align: justify;\">Que les r\u00eaves soient nocturnes, diurnes \u2013 nos souhaits \u2013 ou r\u00eaveries \u00e9veill\u00e9es, une passerelle leur est commune.<\/p>\n<p style=\"text-align: justify;\">Elle a pour nom\u00a0: l\u2019<em>esp\u00e9rance<\/em>. Dans ce labyrinthe, je vous propose une <em>Clef des r\u00eaves<\/em> voire plusieurs\u2026 car je crois \u00e0 la force de cette connaissance pour franchir les portes de la vie \u2212 parvenir \u00e0 l\u2019harmonie \u00e0 laquelle nous aspirons comme la fleur a besoin de (ou du) soleil.<\/p>\n<p><object style=\"width: 490px; height: 390px;\" width=\"490\" height=\"390\" classid=\"clsid:d27cdb6e-ae6d-11cf-96b8-444553540000\" codebase=\"http:\/\/download.macromedia.com\/pub\/shockwave\/cabs\/flash\/swflash.cab#version=6,0,40,0\"><param name=\"src\" value=\"http:\/\/www.youtube.com\/v\/NKz95rI37gM&amp;hl=en_US&amp;feature=player_embedded&amp;version=3\" \/><embed style=\"width: 490px; height: 390px;\" width=\"490\" height=\"390\" type=\"application\/x-shockwave-flash\" src=\"http:\/\/www.youtube.com\/v\/NKz95rI37gM&amp;hl=en_US&amp;feature=player_embedded&amp;version=3\" \/><\/object><\/p>\n<p style=\"text-align: justify;\">Psychanalyste \u00e0 Nantes et \u00e0 Paris, sp\u00e9cialis\u00e9e dans l\u2019interpr\u00e9tation des r\u00eaves et la th\u00e9rapie relationnelle.<\/p>\n<p style=\"text-align: justify;\"><strong>Exerce <\/strong>:\u00a0\u00a0\u00a0\u00a0 45, Quai Malakoff, (Gare sud), 44000 NANTES<\/p>\n<p style=\"text-align: justify;\">29, Boulevard Edgar Quinet, (Gare Montparnasse), 75014 PARIS<\/p>\n<p style=\"text-align: justify;\"><strong>T\u00e9l<\/strong> :\u00a0<span class=\"skype_pnh_print_container\">+\u00a033 (0) 6.09.79.56.37<\/span><\/p>\n<p style=\"text-align: justify;\"><strong>e-mail\u00a0: <\/strong><a href=\"mailto:christineherzog@clefdesreves.com\">christineherzog(arobase)clefdesreves.com<\/a><\/p>\n<p style=\"text-align: justify;\">\u00c0 signaler dans le champ de l\u2019interpr\u00e9tation des r\u00eaves, la sortie en janvier 2012 de l\u2019<em>Encyclop\u00e9die des r\u00eaves <\/em>de mon amie et cons\u0153ur auteure, danseuse, psychanalyste et onirocriticienne\u00a0: Soana KRISTEN<\/p>\n<p style=\"text-align: justify;\"><a title=\"Encyclop\u00e9die des r\u00eaves\" href=\"http:\/\/www.interpretationdesreves-encyclopedie.com\/\" target=\"_blank\"><img loading=\"lazy\" decoding=\"async\" class=\"alignnone\" title=\"Soana Kristen\" src=\"http:\/\/www.clefdesreves.com\/images\/ency1.jpg\" alt=\"\" width=\"489\" height=\"489\" \/><\/a><\/p>\n<p style=\"text-align: justify;\">L\u2019<em>Encyclop\u00e9die<\/em> se veut conte oriental \u00e0 la mani\u00e8re des <em>Mille et une Nuits<\/em> pour d\u00e9voiler quelques arcanes essentiels\u00a0de l\u2019interpr\u00e9tation des songes.<\/p>\n<p style=\"text-align: justify;\">Initiatique, onirique, \u00e9rotique.<\/p>\n<p style=\"text-align: justify;\">L\u2019ouvrage est illustr\u00e9 presque \u00e0 chaque page, en couleur.<\/p>\n<p style=\"text-align: justify;\">Telle est l\u2019aventure exploratoire \u00e0 laquelle incite l\u2019<em>Encyclop\u00e9die des r\u00eaves <\/em>qui entrelace les fils d\u2019une histoire d\u2019amour r\u00eav\u00e9e et d\u2019une intrigue polici\u00e8re.<\/p>\n<p style=\"text-align: justify;\">Le livre<em> <\/em>fait r\u00eaver<em> <\/em>\u00e0 chaque page\u00a0 gr\u00e2ce aux vignettes de bandes dessin\u00e9es \u2013 Manara, India Dreams \u2013, les collages d\u2019artiste, les tableaux, les photographies, etc \u2013 et nous ravit comme dans les contes\u2026<\/p>\n<p style=\"text-align: justify;\">Tout cela en fait un \u00ab\u00a0beau livre\u00a0\u00bb \u00e0 offrir ou \u00e0 s\u2019offrir\u00a0!<\/p>\n<p style=\"text-align: justify;\"><strong><span style=\"text-decoration: underline;\">L&#8217;encyclop\u00e9die des r\u00eaves \/Encyclop\u00e9die illustr\u00e9e<\/span><\/strong><\/p>\n<p style=\"text-align: justify;\"><strong><span style=\"text-decoration: underline;\">de Soana Kristen<\/span><\/strong><\/p>\n<p style=\"text-align: justify;\"><strong><span style=\"text-decoration: underline;\">aux \u00c9ditions du CRAM<\/span><\/strong><\/p>\n<p style=\"text-align: justify;\"><strong>Parution:<\/strong> Hiver 2011 au CANADA, janvier 2012 en FRANCE<\/p>\n<p style=\"text-align: justify;\"><strong>ISBN:<\/strong> 978-2-923705-08-8<\/p>\n<p style=\"text-align: justify;\"><strong>Nombre de pages:<\/strong> 312<\/p>\n<p style=\"text-align: justify;\"><strong>Format:<\/strong> 9 x 9 (pouces) soit 23,4 x 23,4 cms<\/p>\n<p style=\"text-align: justify;\"><strong>34,95 $ soit 29 euros<\/strong><\/p>\n","protected":false},"excerpt":{"rendered":"<p>Christine Herzog propose une Clef des r\u00eaves pour s&#8217;orienter dans le labyrinthe qu&#8217;est la vie Le r\u00eave est l\u2019astre qui brille dans la nuit, filament auquel nous nous accrochons pour apprivoiser notre bonne \u00e9toile.\u00ab Connais-toi toi-m\u00eame \u00bb l\u2019inscription au fronton du temple de Delphes est une incitation, une invitation \u00e0 cette qu\u00eate d\u00e9roul\u00e9e au fil [&hellip;]<\/p>\n","protected":false},"author":1,"featured_media":0,"parent":0,"menu_order":1,"comment_status":"open","ping_status":"open","template":"","meta":{"footnotes":""},"class_list":["post-31","page","type-page","status-publish","hentry"],"_links":{"self":[{"href":"https:\/\/www.clefdesreves.com\/index.php?rest_route=\/wp\/v2\/pages\/31","targetHints":{"allow":["GET"]}}],"collection":[{"href":"https:\/\/www.clefdesreves.com\/index.php?rest_route=\/wp\/v2\/pages"}],"about":[{"href":"https:\/\/www.clefdesreves.com\/index.php?rest_route=\/wp\/v2\/types\/page"}],"author":[{"embeddable":true,"href":"https:\/\/www.clefdesreves.com\/index.php?rest_route=\/wp\/v2\/users\/1"}],"replies":[{"embeddable":true,"href":"https:\/\/www.clefdesreves.com\/index.php?rest_route=%2Fwp%2Fv2%2Fcomments&post=31"}],"version-history":[{"count":55,"href":"https:\/\/www.clefdesreves.com\/index.php?rest_route=\/wp\/v2\/pages\/31\/revisions"}],"predecessor-version":[{"id":39,"href":"https:\/\/www.clefdesreves.com\/index.php?rest_route=\/wp\/v2\/pages\/31\/revisions\/39"}],"wp:attachment":[{"href":"https:\/\/www.clefdesreves.com\/index.php?rest_route=%2Fwp%2Fv2%2Fmedia&parent=31"}],"curies":[{"name":"wp","href":"https:\/\/api.w.org\/{rel}","templated":true}]}}